{"id":405,"date":"2025-11-24T09:39:46","date_gmt":"2025-11-24T09:39:46","guid":{"rendered":"https:\/\/producteurs.ilek.fr\/?page_id=405"},"modified":"2025-11-24T10:00:20","modified_gmt":"2025-11-24T10:00:20","slug":"politique-de-confidentialite","status":"publish","type":"page","link":"https:\/\/producteurs.ilek.fr\/?page_id=405","title":{"rendered":"Politique de confidentialit\u00e9"},"content":{"rendered":"\t\t<div data-elementor-type=\"wp-page\" data-elementor-id=\"405\" class=\"elementor elementor-405\" data-elementor-post-type=\"page\">\n\t\t\t\t<div class=\"elementor-element elementor-element-0fcb932 e-flex e-con-boxed e-con e-parent\" data-id=\"0fcb932\" data-element_type=\"container\" data-settings=\"{&quot;sticky&quot;:&quot;top&quot;,&quot;background_background&quot;:&quot;classic&quot;,&quot;sticky_on&quot;:[&quot;desktop&quot;,&quot;tablet&quot;,&quot;mobile&quot;],&quot;sticky_offset&quot;:0,&quot;sticky_effects_offset&quot;:0}\">\n\t\t\t\t\t<div class=\"e-con-inner\">\n\t\t<div class=\"elementor-element elementor-element-533c831 e-flex e-con-boxed e-con e-child\" data-id=\"533c831\" data-element_type=\"container\" data-settings=\"{&quot;background_background&quot;:&quot;classic&quot;}\">\n\t\t\t\t\t<div class=\"e-con-inner\">\n\t\t\t\t<div class=\"elementor-element elementor-element-2d7a92c elementor-widget elementor-widget-image\" data-id=\"2d7a92c\" data-element_type=\"widget\" data-widget_type=\"image.default\">\n\t\t\t\t<div class=\"elementor-widget-container\">\n\t\t\t\t\t\t\t\t\t\t\t\t\t<img fetchpriority=\"high\" decoding=\"async\" width=\"1024\" height=\"624\" src=\"https:\/\/producteurs.ilek.fr\/wp-content\/uploads\/2025\/11\/Logo_ilek_1200px-1024x624.png\" class=\"attachment-large size-large wp-image-414\" alt=\"\" srcset=\"https:\/\/producteurs.ilek.fr\/wp-content\/uploads\/2025\/11\/Logo_ilek_1200px-1024x624.png 1024w, https:\/\/producteurs.ilek.fr\/wp-content\/uploads\/2025\/11\/Logo_ilek_1200px-300x183.png 300w, https:\/\/producteurs.ilek.fr\/wp-content\/uploads\/2025\/11\/Logo_ilek_1200px-768x468.png 768w, https:\/\/producteurs.ilek.fr\/wp-content\/uploads\/2025\/11\/Logo_ilek_1200px.png 1201w\" sizes=\"(max-width: 1024px) 100vw, 1024px\" \/>\t\t\t\t\t\t\t\t\t\t\t\t\t<\/div>\n\t\t\t\t<\/div>\n\t\t\t\t<div class=\"elementor-element elementor-element-2e3582e elementor-absolute elementor-widget-mobile__width-initial elementor-hidden-tablet elementor-hidden-mobile elementor-widget elementor-widget-html\" data-id=\"2e3582e\" data-element_type=\"widget\" data-settings=\"{&quot;_position&quot;:&quot;absolute&quot;}\" data-widget_type=\"html.default\">\n\t\t\t\t<div class=\"elementor-widget-container\">\n\t\t\t<div>\n    <a \n        href=\"#form\"\n\t\tstyle=\"\n\t\tbackground-color: #7369C8; \n\t\tborder-radius: 100px;\n\t\tpadding: 12px 18px;\n        font-size: 12px;\n        vertical-align: middle;\n        font-family: PP Formula;\n        color: #fff;\n        border-style: none;\n        display:flex;\n        margin-right:;\n        \"\n        >\n      <span>Nous contacter<\/span>\n    <\/a>\n  <\/div>\t\t<\/div>\n\t\t\t\t<\/div>\n\t\t\t\t\t<\/div>\n\t\t\t\t<\/div>\n\t\t\t\t\t<\/div>\n\t\t\t\t<\/div>\n\t\t<div class=\"elementor-element elementor-element-44285ab e-flex e-con-boxed e-con e-parent\" data-id=\"44285ab\" data-element_type=\"container\">\n\t\t\t\t\t<div class=\"e-con-inner\">\n\t\t\t\t<div class=\"elementor-element elementor-element-07f3fac elementor-widget elementor-widget-heading\" data-id=\"07f3fac\" data-element_type=\"widget\" data-widget_type=\"heading.default\">\n\t\t\t\t<div class=\"elementor-widget-container\">\n\t\t\t<h2 class=\"elementor-heading-title elementor-size-default\">Politique de confidentialit\u00e9<\/h2>\t\t<\/div>\n\t\t\t\t<\/div>\n\t\t\t\t<div class=\"elementor-element elementor-element-9cded9b elementor-widget elementor-widget-text-editor\" data-id=\"9cded9b\" data-element_type=\"widget\" data-widget_type=\"text-editor.default\">\n\t\t\t\t<div class=\"elementor-widget-container\">\n\t\t\t\t\t\t\t<p class=\"p1\">Quelle est l\u2019utilit\u00e9 de notre Politique de confidentialit\u00e9 ?<\/p><p class=\"p2\"><b>Ilek, qui g\u00e8re le site www.producteurs.ilek.fr, accorde une grande importance \u00e0 la protection et la confidentialit\u00e9 de vos donn\u00e9es personnelles qui repr\u00e9sentent, pour nous, un gage de s\u00e9rieux et de confiance.<\/b><\/p><p class=\"p2\">A ce titre, notre Politique de confidentialit\u00e9 des donn\u00e9es personnelles t\u00e9moigne pr\u00e9cis\u00e9ment de notre <b>volont\u00e9 de faire respecter, au sein de Ilek, les r\u00e8gles applicables en mati\u00e8re de protection des donn\u00e9es personnelles<\/b> et, plus particuli\u00e8rement, celles du R\u00e8glement g\u00e9n\u00e9ral sur la protection des Donn\u00e9es (\u00ab\u00a0RGPD\u00a0\u00bb).<\/p><p class=\"p2\">En particulier, notre Politique de confidentialit\u00e9 vise \u00e0 vous informer sur la mani\u00e8re et les raisons pour lesquelles nous traitons vos donn\u00e9es personnelles dans le cadre des <b>services<\/b> que nous vous fournissons.<\/p><p class=\"p1\">A qui s\u2019adresse notre Politique de confidentialit\u00e9 ?<\/p><p class=\"p2\">Notre Politique de confidentialit\u00e9 s\u2019adresse \u00e0 <b>vous<\/b>, quel que soit votre lieu de domiciliation, d\u00e8s lors que vous \u00eates \u00e2g\u00e9 d&rsquo;au moins 15 ans, que vous soyez <b>client<\/b>, <b>candidat \u00e0 un poste au sein de Ilek<\/b>, ou encore <b>visiteur<\/b> du site www.producteurs.ilek.fr.<\/p><p class=\"p2\">Si vous avez moins de l&rsquo;\u00e2ge l\u00e9gal d\u00e9taill\u00e9 ci-dessus, vous n\u2019\u00eates pas autoris\u00e9 \u00e0 utiliser nos services <b>sans le consentement pr\u00e9alable et explicite<\/b> de l\u2019un de vos parents ou du titulaire de l&rsquo;autorit\u00e9 parentale qui doit nous \u00eatre adress\u00e9 par email \u00e0 l\u2019adresse dpo@ilek.fr.<\/p><p class=\"p2\">Si vous pensez que nous d\u00e9tenons des donn\u00e9es personnelles concernant vos enfants sans y avoir consenti, nous vous invitons \u00e0 nous contacter \u00e0 l&rsquo;adresse d\u00e9di\u00e9e d\u00e9taill\u00e9e ci-dessus.<\/p><p class=\"p1\">Pourquoi traitons-nous vos donn\u00e9es personnelles et sur quel fondement ?<\/p><p class=\"p2\">Nous traitons vos donn\u00e9es personnelles essentiellement pour les raisons suivantes :<\/p><ul class=\"ul1\"><li class=\"li3\"><b>naviguer sur notre site internet<\/b>, <b>b\u00e9n\u00e9ficier de nos services<\/b> et pour que nous puissions <b>r\u00e9pondre \u00e0 vos demandes<\/b> (ex : demandes d\u2019information, r\u00e9clamations, etc.) sur la base de nos conditions g\u00e9n\u00e9rales d\u2019utilisation et de notre int\u00e9r\u00eat l\u00e9gitime \u00e0 vous fournir le meilleur service possible.<\/li><li class=\"li3\"><b>g\u00e9rer notre service clients<\/b> sur la base de l\u2019ex\u00e9cution du contrat et de notre int\u00e9r\u00eat l\u00e9gitime \u00e0 r\u00e9pondre au mieux \u00e0 vos demandes et r\u00e9clamations.<\/li><li class=\"li3\"><b>rester inform\u00e9 de nos derni\u00e8res offres et \u00e9v\u00e9nements par SMS<\/b> sur la base de notre int\u00e9r\u00eat l\u00e9gitime \u00e0 fid\u00e9liser notre client\u00e8le et \u00e0 prospecter de nouveaux potentiels clients si vous \u00eates un professionnel, et sur la base de votre consentement si vous \u00eates un particulier pas encore client de nos services.<\/li><li class=\"li3\"><b>rester inform\u00e9 de nos derni\u00e8res offres et \u00e9v\u00e9nements par courrier<\/b>, sur la base de notre int\u00e9r\u00eat l\u00e9gitime \u00e0 fid\u00e9liser notre client\u00e8le et \u00e0 prospecter de nouveaux potentiels clients.<\/li><li class=\"li3\"><b>rester inform\u00e9 de nos derni\u00e8res offres et \u00e9v\u00e9nements par t\u00e9l\u00e9phone<\/b> sur la base de notre int\u00e9r\u00eat l\u00e9gitime \u00e0 fid\u00e9liser notre client\u00e8le et \u00e0 prospecter de nouveaux potentiels clients si vous \u00eates un professionnel, et sur la base de votre consentement si vous \u00eates un particulier.<\/li><li class=\"li3\"><b>g\u00e9rer la facturation et les \u00e9ventuels impay\u00e9s<\/b>, sur la base de notre int\u00e9r\u00eat l\u00e9gitime \u00e0 obtenir une contrepartie \u00e0 la fourniture de notre service et sur la base de nos conditions g\u00e9n\u00e9rales.<\/li><li class=\"li3\"><b>nous suivre et commenter nos publications sur les r\u00e9seaux sociaux<\/b> sur la base de notre int\u00e9r\u00eat l\u00e9gitime \u00e0 b\u00e9n\u00e9ficier d\u2019une page d\u00e9di\u00e9e sur les r\u00e9seaux sociaux.<\/li><li class=\"li3\"><b>recevoir notre newsletter<\/b> qui vous informe sur toutes les actualit\u00e9s concernant nos services sur la base de notre int\u00e9r\u00eat l\u00e9gitime \u00e0 fid\u00e9liser notre client\u00e8le et sur la base de votre consentement dans le cas o\u00f9 vous ne seriez pas encore client de nos services.<\/li><li class=\"li3\"><b>candidater \u00e0 un poste<\/b> au sein de Ilek sur la base des discussions que nous avons avec vous pendant le processus de recrutement et de notre int\u00e9r\u00eat l\u00e9gitime \u00e0 recruter et s\u00e9lectionner des candidats.<\/li><li class=\"li3\"><b>enregistrer les conversations que nous avons avec vous dans une d\u00e9marche d&rsquo;am\u00e9lioration de notre service clients<\/b>, sur la base de votre consentement pr\u00e9alable et de notre int\u00e9r\u00eat l\u00e9gitime \u00e0 am\u00e9liorer la qualit\u00e9 de notre service et former notre personnel.<\/li><li class=\"li3\"><b>enregistrer les conversations que nous avons avec vous lors de nos appels de prospection commerciale<\/b>, sur la base de votre consentement pr\u00e9alable et de notre int\u00e9r\u00eat l\u00e9gitime \u00e0 prouver l&rsquo;ex\u00e9cution d&rsquo;un contrat et former notre personnel.<\/li><li class=\"li3\"><b>envoyer des enqu\u00eates de satisfaction<\/b> sur la base de notre int\u00e9r\u00eat l\u00e9gitime \u00e0 am\u00e9liorer nos services.<\/li><li class=\"li3\"><b>permettre de vous faire participer \u00e0 nos jeux concours<\/b>, sur la base de notre int\u00e9r\u00eat l\u00e9gitime \u00e0 les organiser et de l&rsquo;ex\u00e9cution du r\u00e8glement du jeu associ\u00e9.<\/li><\/ul><p class=\"p1\">Comment avons-nous obtenu vos donn\u00e9es personnelles ?<\/p><p class=\"p2\">Vos donn\u00e9es sont collect\u00e9es <b>directement aupr\u00e8s de vous<\/b> d\u00e8s lors que vous \u00eates client de nos services ou \u00ab\u00a0simple\u00a0\u00bb visiteur de notre site www.producteurs.ilek.fr et nous nous engageons \u00e0 ne traiter vos donn\u00e9es que pour les <b>raisons d\u00e9crites pr\u00e9c\u00e9demment<\/b>.<\/p><p class=\"p2\">Toutefois, nous pouvons \u00e9galement obtenir vos donn\u00e9es personnelles de mani\u00e8re indirecte de la part de partenaires si vous y avez consenti pr\u00e9alablement aupr\u00e8s de ces derniers.<\/p><p class=\"p2\">Concernant les professionnels uniquement, il est \u00e9galement possible que vos donn\u00e9es personnelles soient trait\u00e9es indirectement dans le cadre de salons ou de r\u00e9seaux sociaux (ex : Linkedin).<\/p><p class=\"p2\">En revanche, d\u00e8s lors que vous publiez volontairement du contenu sur les pages que nous \u00e9ditons sur les r\u00e9seaux sociaux, vous reconnaissez \u00eatre <b>enti\u00e8rement responsable<\/b> de toute information personnelle que vous pourriez transmettre, quelle que soit la nature et l\u2019origine de l\u2019information fournie.<\/p><p class=\"p1\">Quelles donn\u00e9es personnelles traitons-nous et pour combien de temps ?<\/p><p class=\"p2\">Nous avons r\u00e9sum\u00e9 ci-apr\u00e8s les <b>cat\u00e9gories de donn\u00e9es personnelles<\/b> ainsi que leurs <b>dur\u00e9es respectives de conservation<\/b> :<\/p><ul class=\"ul1\"><li class=\"li3\"><b>Pour les particuliers, donn\u00e9es d\u2019identification personnelles<\/b> (ex : nom, pr\u00e9nom) et <b>coordonn\u00e9es<\/b> (ex : adresse email) conserv\u00e9es pendant toute la dur\u00e9e de la fourniture du service \u00e0 laquelle s&rsquo;ajoutent les d\u00e9lais de prescriptions l\u00e9gaux qui sont g\u00e9n\u00e9ralement de 5 ans.<\/li><li class=\"li3\"><b>Pour les professionnels, donn\u00e9es d\u2019identification personnelles<\/b> (ex : nom, pr\u00e9nom, poste, entreprise, service, etc.) et <b>coordonn\u00e9es<\/b> (ex : adresse email et t\u00e9l\u00e9phone professionnel, etc.) conserv\u00e9es pendant toute la dur\u00e9e de la fourniture du service \u00e0 laquelle s&rsquo;ajoutent les d\u00e9lais de prescriptions l\u00e9gaux qui sont g\u00e9n\u00e9ralement de 5 ans.<\/li><li class=\"li3\"><b>Pour les particuliers, donn\u00e9es d\u2019ordre \u00e9conomique et financier<\/b> (ex : num\u00e9ro de compte bancaire, code de v\u00e9rification, etc.) conserv\u00e9es pendant la dur\u00e9e n\u00e9cessaire \u00e0 la transaction et \u00e0 la gestion de la facturation et des paiements \u00e0 laquelle s\u2019ajoutent les d\u00e9lais de prescription l\u00e9gaux qui sont g\u00e9n\u00e9ralement de 5 ans \u00e0 10 ans.<\/li><li class=\"li3\"><b>Pour les professionnels, lorsqu&rsquo;il y a une confusion entre le nom de votre structure et votre nom personnel (ex : auto-entrepreneur, TPE, etc.), donn\u00e9es d\u2019ordre \u00e9conomique et financier<\/b> (ex : num\u00e9ro de compte bancaire, code de v\u00e9rification, etc.) conserv\u00e9es pendant la dur\u00e9e n\u00e9cessaire \u00e0 la transaction et \u00e0 la gestion de la facturation et des paiements \u00e0 laquelle s\u2019ajoutent les d\u00e9lais de prescription l\u00e9gaux qui sont g\u00e9n\u00e9ralement de 5 ans \u00e0 10 ans.<\/li><li class=\"li3\"><b>Adresse postale dans le cadre de nos campagnes de prospection commerciale par courrier<\/b> conserv\u00e9es pendant une dur\u00e9e maximum de 3 ans \u00e0 compter du dernier contact que nous avons eu avec vous.<\/li><li class=\"li3\"><b>Num\u00e9ro de t\u00e9l\u00e9phone dans le cadre de nos campagnes de prospection commerciale par SMS et t\u00e9l\u00e9phone<\/b> conserv\u00e9 pendant une dur\u00e9e maximum de 3 ans \u00e0 compter du dernier contact que nous avons eu avec vous.<\/li><li class=\"li3\"><b>Adresse email pour recevoir notre newsletter<\/b> conserv\u00e9e jusqu&rsquo;\u00e0 la fin de votre abonnement \u00e0 la newsletter.<\/li><li class=\"li3\"><b>Donn\u00e9es indiqu\u00e9es dans le CV et la lettre de motivation<\/b> conserv\u00e9es pendant la dur\u00e9e du processus de recrutement puis pendant 2 ans \u00e0 compter de votre candidature.<\/li><li class=\"li3\"><b>Donn\u00e9es de connexion<\/b> (ex : logs, adresse IP, etc.) conserv\u00e9es pendant une dur\u00e9e de 1 an.<\/li><li class=\"li3\"><b>Cookies<\/b> qui sont en g\u00e9n\u00e9ral conserv\u00e9s pendant une dur\u00e9e de 13 mois maximum. Pour plus de d\u00e9tails sur l&rsquo;utilisation que nous faisons de vos cookies, vous pouvez consulter notre politique cookies accessible \u00e0 tout moment sur notre site internet.<\/li><li class=\"li3\"><b>Voix<\/b> conserv\u00e9e lors de conservations t\u00e9l\u00e9phoniques pendant une dur\u00e9e de 6 mois maximum \u00e0 l&rsquo;exception des appels permettant de justifier la conclusion d&rsquo;un contrat conserv\u00e9s dans ce cas pendant les d\u00e9lais de prescriptions l\u00e9gaux qui sont g\u00e9n\u00e9ralement de 5 ans<\/li><\/ul><p class=\"p2\">A l&rsquo;expiration des dur\u00e9es de conservation applicables, la suppression de vos donn\u00e9es personnelles est <b>irr\u00e9versible<\/b> et nous ne pourrons plus vous les communiquer pass\u00e9 ce d\u00e9lai. Tout au plus, nous pouvons uniquement conserver des donn\u00e9es anonymes \u00e0 des fins de <b>statistiques<\/b>.<\/p><p class=\"p2\">Veuillez \u00e9galement noter qu\u2019en cas de <b>contentieux<\/b>, nous avons pour obligation de conserver <b>l\u2019int\u00e9gralit\u00e9<\/b> des donn\u00e9es personnelles vous concernant durant toute la dur\u00e9e de traitement du dossier m\u00eame apr\u00e8s l\u2019expiration de leurs dur\u00e9es de conservation d\u00e9crites pr\u00e9c\u00e9demment.<\/p><p class=\"p1\">De quels droits disposez-vous pour contr\u00f4ler l\u2019usage de vos donn\u00e9es personnelles ?<\/p><p class=\"p2\">La r\u00e9glementation applicable en mati\u00e8re de protection des donn\u00e9es vous octroie <b>des droits sp\u00e9cifiques<\/b> que vous pouvez exercer, <b>\u00e0 tout moment<\/b> et <b>gratuitement<\/b>, afin de contr\u00f4ler l\u2019usage que nous faisons de vos donn\u00e9es.<\/p><ul class=\"ul1\"><li class=\"li3\">Droit d\u2019<b>acc\u00e8s<\/b> et de <b>copie<\/b> de vos donn\u00e9es personnelles d\u00e8s lors que cette demande n\u2019est pas en contradiction avec le secret des affaires, la confidentialit\u00e9, ou encore le secret des correspondances.<\/li><li class=\"li3\">Droit de <b>rectification<\/b> de donn\u00e9es personnelles qui seraient erron\u00e9es, obsol\u00e8tes ou incompl\u00e8tes.<\/li><li class=\"li3\">Droit de vous <b>opposer<\/b> aux traitements de vos donn\u00e9es personnelles mis en \u0153uvre \u00e0 des fins de prospection commerciale, ainsi qu&rsquo;aux traitements fond\u00e9s sur notre int\u00e9r\u00eat l\u00e9gitime sauf si des motifs l\u00e9gitimes et imp\u00e9rieux justifient ces traitements et pr\u00e9valent sur vos int\u00e9r\u00eats, droits et libert\u00e9s.<\/li><li class=\"li3\">Pour les consommateurs uniquement, droit de vous <b>inscrire gratuitement<\/b> sur la liste d\u2019opposition au d\u00e9marchage t\u00e9l\u00e9phonique Bloctel \u00e0 l\u2019adresse www.bloctel.gouv.fr.<\/li><li class=\"li3\">Droit de demander <b>l\u2019effacement<\/b> (\u201cdroit \u00e0 l\u2019oubli\u201d) de vos donn\u00e9es personnelles qui ne seraient pas essentielles au bon fonctionnement de nos services.<\/li><li class=\"li3\">Droit \u00e0 la <b>limitation<\/b> de vos donn\u00e9es personnelles qui permet de photographier l\u2019utilisation de vos donn\u00e9es en cas de contestation sur la l\u00e9gitimit\u00e9 d\u2019un traitement.<\/li><li class=\"li3\">Droit \u00e0 la <b>portabilit\u00e9<\/b> de vos donn\u00e9es qui vous permet de r\u00e9cup\u00e9rer une partie de vos donn\u00e9es personnelles afin de les stocker ou les transmettre facilement d\u2019un syst\u00e8me d\u2019information \u00e0 un autre.<\/li><li class=\"li3\">Droit de donner des <b>directives<\/b> sur le sort de vos donn\u00e9es en cas de d\u00e9c\u00e8s soit par votre interm\u00e9diaire, soit par l\u2019interm\u00e9diaire d\u2019un tiers de confiance ou d\u2019un ayant-droit.<\/li><\/ul><p class=\"p2\">Pour qu\u2019une demande soit <b>prise en compte<\/b>, il est imp\u00e9ratif qu\u2019elle soit effectu\u00e9e directement par <b>vous, ou votre repr\u00e9sentant<\/b> \u00e0 l\u2019adresse dpo@ilek.fr.<\/p><p class=\"p2\">Les demandes ne peuvent pas \u00e9maner d\u2019une autre personne que vous ou votre repr\u00e9sentant. Nous pouvons donc vous demander la communication d\u2019une <b>preuve d\u2019identit\u00e9<\/b> en cas de doute sur l\u2019identit\u00e9 du demandeur, ainsi qu&rsquo;une justification de la repr\u00e9sentation.<\/p><p class=\"p2\">Nous r\u00e9pondrons \u00e0 votre demande dans les <b>meilleurs d\u00e9lais<\/b> avec pour limite un <b>d\u00e9lai maximum<\/b> d&rsquo;un mois \u00e0 compter de sa r\u00e9ception, sauf si la demande est techniquement complexe ou si nous recevons de nombreuses demandes au m\u00eame moment. Dans ce cas, le d\u00e9lai de r\u00e9ponse peut \u00eatre de trois mois maximum.<\/p><p class=\"p2\">Veuillez noter que nous pouvons toujours <b>refuser<\/b> de r\u00e9pondre \u00e0 toute demande <b>excessive ou infond\u00e9e<\/b> notamment au regard de son caract\u00e8re <b>r\u00e9p\u00e9titif<\/b>.<\/p><p class=\"p1\">Qui peut avoir acc\u00e8s \u00e0 vos donn\u00e9es personnelles ?<\/p><p class=\"p2\">Vos donn\u00e9es personnelles sont trait\u00e9es par <b>nos \u00e9quipes<\/b> et par <b>nos prestataires techniques dans l&rsquo;unique but de faire fonctionner notre service<\/b>.<\/p><p class=\"p2\">Nous pr\u00e9cisons que nous <b>contr\u00f4lons tous nos prestataires techniques avant de les recruter<\/b> afin de s&rsquo;assurer qu&rsquo;ils respectent scrupuleusement les r\u00e8gles applicables en mati\u00e8re de protection des donn\u00e9es personnelles.<\/p><p class=\"p2\"><b>PAR AILLEURS, NOUS VOUS GARANTISSONS QUE NOUS NE TRANSFERONS OU NE VENDONS JAMAIS VOS DONNEES A DES TIERS OU A DES PARTENAIRES COMMERCIAUX.<\/b><\/p><p class=\"p1\">Vos donn\u00e9es personnelles peuvent-elles \u00eatre transf\u00e9r\u00e9es en dehors de l&rsquo;Union europ\u00e9enne ?<\/p><p class=\"p2\">Les donn\u00e9es personnelles trait\u00e9es par notre site internet sont exclusivement h\u00e9berg\u00e9es sur des serveurs situ\u00e9s au sein de l&rsquo;Union europ\u00e9enne.<\/p><p class=\"p2\">Par ailleurs, nous faisons notre maximum pour n&rsquo;utiliser que des outils techniques dont les serveurs sont \u00e9galement situ\u00e9s au sein de l\u2019Union europ\u00e9enne. Si toutefois cela n&rsquo;\u00e9tait pas le cas, nous veillons scrupuleusement \u00e0 ce qu\u2019ils mettent en \u0153uvre les <b>garanties appropri\u00e9es requises pour assurer la confidentialit\u00e9 et la protection de vos donn\u00e9es personnelles<\/b>.<\/p><p class=\"p1\">Comment prot\u00e9geons-nous vos donn\u00e9es personnelles ?<\/p><p class=\"p2\">Nous mettons en \u0153uvre tous les <b>moyens techniques<\/b> et <b>organisationnels requis<\/b> pour garantir la <b>s\u00e9curit\u00e9<\/b> de vos donn\u00e9es personnelles au quotidien et, en particulier, pour lutter contre tout risque de destruction, perte, alt\u00e9ration, ou divulgation.<\/p><p class=\"p1\">Utilisons-nous des cookies lorsque vous naviguez sur notre site internet ?<\/p><p class=\"p2\"><b>Nous vous garantissons que nous n&rsquo;utilisons aucun cookie publicitaire pour le fonctionnement de ce site.<\/b><\/p><p class=\"p2\">En revanche, nous vous informons que nous utilisons des cookies statistiques lorsque vous naviguez sur notre site internet. Pour plus d&rsquo;informations, nous vous invitons \u00e0 consulter notre Politique cookies.<\/p><p class=\"p1\">Qui pouvez-vous contacter pour obtenir plus d\u2019informations sur l&rsquo;utilisation de vos donn\u00e9es personnelles ?<\/p><p class=\"p2\">Pour garantir au mieux la protection et l&rsquo;int\u00e9grit\u00e9 de vos donn\u00e9es, nous avons officiellement nomm\u00e9 un <b>D\u00e9l\u00e9gu\u00e9 \u00e0 la protection des donn\u00e9es<\/b> (\u201c<b>DPO<\/b>\u201d) <b>ind\u00e9pendant<\/b> aupr\u00e8s de notre autorit\u00e9 de contr\u00f4le.<\/p><p class=\"p2\">Vous pouvez \u00e0 tout moment et gratuitement contacter notre DPO \u00e0 l&rsquo;adresse dpo@ilek.fr afin d&rsquo;obtenir plus d&rsquo;informations ou de d\u00e9tails sur la mani\u00e8re dont nous traitons vos donn\u00e9es.<\/p><p class=\"p1\">Comment pouvez-vous contacter la CNIL ?<\/p><p class=\"p2\">Vous pouvez \u00e0 tout moment contacter la <b>\u201cCommission nationale de l&rsquo;informatique et des libert\u00e9s\u201d<\/b> ou <b>\u201cCNIL\u201d<\/b> aux coordonn\u00e9es suivantes : Service des plaintes de la CNIL, 3 place de Fontenoy \u2013 TSA 80751, 75334 Paris Cedex 07 ou par t\u00e9l\u00e9phone au 01.53.73.22.22.<\/p><p class=\"p1\">La Politique de confidentialit\u00e9 peut-elle \u00eatre modifi\u00e9e ?<\/p><p class=\"p2\">Nous sommes susceptibles de modifier notre Politique de confidentialit\u00e9 \u00e0 <b>tout moment<\/b> pour l\u2019adapter aux nouvelles <b>exigences l\u00e9gales<\/b> ainsi qu\u2019aux <b>nouveaux traitements<\/b> que nous pourrions mettre en \u0153uvre dans le futur.<\/p><p class=\"p4\">Certifi\u00e9 conforme par Dipeeo \u00ae<\/p>\t\t\t\t\t\t<\/div>\n\t\t\t\t<\/div>\n\t\t\t\t\t<\/div>\n\t\t\t\t<\/div>\n\t\t<div class=\"elementor-element elementor-element-d7ba041 e-flex e-con-boxed e-con e-parent\" data-id=\"d7ba041\" data-element_type=\"container\" data-settings=\"{&quot;background_background&quot;:&quot;classic&quot;}\">\n\t\t\t\t\t<div class=\"e-con-inner\">\n\t\t\t\t<div class=\"elementor-element elementor-element-de0ec30 elementor-widget elementor-widget-image\" data-id=\"de0ec30\" data-element_type=\"widget\" data-widget_type=\"image.default\">\n\t\t\t\t<div class=\"elementor-widget-container\">\n\t\t\t\t\t\t\t\t\t\t\t\t\t<img decoding=\"async\" width=\"197\" height=\"96\" src=\"https:\/\/producteurs.ilek.fr\/wp-content\/uploads\/2024\/09\/Logo_ilek.svg\" class=\"attachment-large size-large wp-image-17\" alt=\"\" \/>\t\t\t\t\t\t\t\t\t\t\t\t\t<\/div>\n\t\t\t\t<\/div>\n\t\t\t\t<div class=\"elementor-element elementor-element-3c71246 elementor-widget elementor-widget-text-editor\" data-id=\"3c71246\" data-element_type=\"widget\" data-widget_type=\"text-editor.default\">\n\t\t\t\t<div class=\"elementor-widget-container\">\n\t\t\t\t\t\t\t\u00a9 ilek 2025 &#8211; Tous droits r\u00e9serv\u00e9s \u2022 <a href=\"https:\/\/www.ilek.fr\/cgu\"><span style=\"color: #ceff00;\">Mentions l\u00e9gales<\/span><\/a> \u2022 <span style=\"color: #ceff00;\"><a style=\"color: #ceff00;\" href=\"https:\/\/producteurs.ilek.fr\/?page_id=405\">Politique de confidentialit\u00e9<\/a> \u2022 <span style=\"color: #ceff00;\"><a style=\"color: #ceff00;\" href=\"https:\/\/producteurs.ilek.fr\/?page_id=421\">Politique d&rsquo;utilisation des cookies<\/a><\/span><\/span>\t\t\t\t\t\t<\/div>\n\t\t\t\t<\/div>\n\t\t\t\t\t<\/div>\n\t\t\t\t<\/div>\n\t\t\t\t<\/div>\n\t\t","protected":false},"excerpt":{"rendered":"<p>Nous contacter Politique de confidentialit\u00e9 Quelle est l\u2019utilit\u00e9 de notre Politique de confidentialit\u00e9 ? Ilek, qui g\u00e8re le site www.producteurs.ilek.fr, accorde une grande importance \u00e0 la protection et la confidentialit\u00e9 de vos donn\u00e9es personnelles qui repr\u00e9sentent, pour nous, un gage de s\u00e9rieux et de confiance. A ce titre, notre Politique de confidentialit\u00e9 des donn\u00e9es personnelles&#8230;<\/p>\n","protected":false},"author":2,"featured_media":0,"parent":0,"menu_order":0,"comment_status":"closed","ping_status":"closed","template":"","meta":{"_kad_post_transparent":"","_kad_post_title":"hide","_kad_post_layout":"fullwidth","_kad_post_sidebar_id":"","_kad_post_content_style":"unboxed","_kad_post_vertical_padding":"hide","_kad_post_feature":"hide","_kad_post_feature_position":"","_kad_post_header":true,"_kad_post_footer":true,"footnotes":""},"class_list":["post-405","page","type-page","status-publish","hentry"],"_links":{"self":[{"href":"https:\/\/producteurs.ilek.fr\/index.php?rest_route=\/wp\/v2\/pages\/405","targetHints":{"allow":["GET"]}}],"collection":[{"href":"https:\/\/producteurs.ilek.fr\/index.php?rest_route=\/wp\/v2\/pages"}],"about":[{"href":"https:\/\/producteurs.ilek.fr\/index.php?rest_route=\/wp\/v2\/types\/page"}],"author":[{"embeddable":true,"href":"https:\/\/producteurs.ilek.fr\/index.php?rest_route=\/wp\/v2\/users\/2"}],"replies":[{"embeddable":true,"href":"https:\/\/producteurs.ilek.fr\/index.php?rest_route=%2Fwp%2Fv2%2Fcomments&post=405"}],"version-history":[{"count":16,"href":"https:\/\/producteurs.ilek.fr\/index.php?rest_route=\/wp\/v2\/pages\/405\/revisions"}],"predecessor-version":[{"id":437,"href":"https:\/\/producteurs.ilek.fr\/index.php?rest_route=\/wp\/v2\/pages\/405\/revisions\/437"}],"wp:attachment":[{"href":"https:\/\/producteurs.ilek.fr\/index.php?rest_route=%2Fwp%2Fv2%2Fmedia&parent=405"}],"curies":[{"name":"wp","href":"https:\/\/api.w.org\/{rel}","templated":true}]}}