{"id":421,"date":"2025-11-24T09:56:22","date_gmt":"2025-11-24T09:56:22","guid":{"rendered":"https:\/\/producteurs.ilek.fr\/?page_id=421"},"modified":"2025-12-22T08:24:07","modified_gmt":"2025-12-22T08:24:07","slug":"politique-dutilisation-des-cookies","status":"publish","type":"page","link":"https:\/\/producteurs.ilek.fr\/?page_id=421","title":{"rendered":"Politique d&rsquo;utilisation des cookies"},"content":{"rendered":"\t\t<div data-elementor-type=\"wp-page\" data-elementor-id=\"421\" class=\"elementor elementor-421\" data-elementor-post-type=\"page\">\n\t\t\t\t<div class=\"elementor-element elementor-element-0fcb932 e-flex e-con-boxed e-con e-parent\" data-id=\"0fcb932\" data-element_type=\"container\" data-settings=\"{&quot;sticky&quot;:&quot;top&quot;,&quot;background_background&quot;:&quot;classic&quot;,&quot;sticky_on&quot;:[&quot;desktop&quot;,&quot;tablet&quot;,&quot;mobile&quot;],&quot;sticky_offset&quot;:0,&quot;sticky_effects_offset&quot;:0}\">\n\t\t\t\t\t<div class=\"e-con-inner\">\n\t\t<div class=\"elementor-element elementor-element-533c831 e-flex e-con-boxed e-con e-child\" data-id=\"533c831\" data-element_type=\"container\" data-settings=\"{&quot;background_background&quot;:&quot;classic&quot;}\">\n\t\t\t\t\t<div class=\"e-con-inner\">\n\t\t\t\t<div class=\"elementor-element elementor-element-2d7a92c elementor-widget elementor-widget-image\" data-id=\"2d7a92c\" data-element_type=\"widget\" data-widget_type=\"image.default\">\n\t\t\t\t<div class=\"elementor-widget-container\">\n\t\t\t\t\t\t\t\t\t\t\t\t\t<img fetchpriority=\"high\" decoding=\"async\" width=\"1024\" height=\"624\" src=\"https:\/\/producteurs.ilek.fr\/wp-content\/uploads\/2025\/11\/Logo_ilek_1200px-1024x624.png\" class=\"attachment-large size-large wp-image-414\" alt=\"\" srcset=\"https:\/\/producteurs.ilek.fr\/wp-content\/uploads\/2025\/11\/Logo_ilek_1200px-1024x624.png 1024w, https:\/\/producteurs.ilek.fr\/wp-content\/uploads\/2025\/11\/Logo_ilek_1200px-300x183.png 300w, https:\/\/producteurs.ilek.fr\/wp-content\/uploads\/2025\/11\/Logo_ilek_1200px-768x468.png 768w, https:\/\/producteurs.ilek.fr\/wp-content\/uploads\/2025\/11\/Logo_ilek_1200px.png 1201w\" sizes=\"(max-width: 1024px) 100vw, 1024px\" \/>\t\t\t\t\t\t\t\t\t\t\t\t\t<\/div>\n\t\t\t\t<\/div>\n\t\t\t\t<div class=\"elementor-element elementor-element-2e3582e elementor-absolute elementor-widget-mobile__width-initial elementor-hidden-tablet elementor-hidden-mobile elementor-widget elementor-widget-html\" data-id=\"2e3582e\" data-element_type=\"widget\" data-settings=\"{&quot;_position&quot;:&quot;absolute&quot;}\" data-widget_type=\"html.default\">\n\t\t\t\t<div class=\"elementor-widget-container\">\n\t\t\t<div>\n    <a \n        href=\"#form\"\n\t\tstyle=\"\n\t\tbackground-color: #7369C8; \n\t\tborder-radius: 100px;\n\t\tpadding: 12px 18px;\n        font-size: 12px;\n        vertical-align: middle;\n        font-family: PP Formula;\n        color: #fff;\n        border-style: none;\n        display:flex;\n        margin-right:;\n        \"\n        >\n      <span>Nous contacter<\/span>\n    <\/a>\n  <\/div>\t\t<\/div>\n\t\t\t\t<\/div>\n\t\t\t\t\t<\/div>\n\t\t\t\t<\/div>\n\t\t\t\t\t<\/div>\n\t\t\t\t<\/div>\n\t\t<div class=\"elementor-element elementor-element-44285ab e-flex e-con-boxed e-con e-parent\" data-id=\"44285ab\" data-element_type=\"container\">\n\t\t\t\t\t<div class=\"e-con-inner\">\n\t\t\t\t<div class=\"elementor-element elementor-element-07f3fac elementor-widget elementor-widget-heading\" data-id=\"07f3fac\" data-element_type=\"widget\" data-widget_type=\"heading.default\">\n\t\t\t\t<div class=\"elementor-widget-container\">\n\t\t\t<h2 class=\"elementor-heading-title elementor-size-default\">Politique d'utilisation des cookies<\/h2>\t\t<\/div>\n\t\t\t\t<\/div>\n\t\t\t\t<div class=\"elementor-element elementor-element-9cded9b elementor-widget elementor-widget-text-editor\" data-id=\"9cded9b\" data-element_type=\"widget\" data-widget_type=\"text-editor.default\">\n\t\t\t\t<div class=\"elementor-widget-container\">\n\t\t\t\t\t\t\t<p class=\"p1\">Quelle est l&rsquo;utilit\u00e9 de notre Politique d&rsquo;utilisation des cookies ?<\/p>\n<p class=\"p2\"><b>Ilek, qui g\u00e8re le site www.producteurs.ilek.fr, accorde une grande importance \u00e0 la confidentialit\u00e9 de vos donn\u00e9es personnelles qui repr\u00e9sente pour nous un gage de s\u00e9rieux et de confiance, y compris en mati\u00e8re de cookies.<\/b><\/p>\n<p class=\"p2\">A ce titre, notre Politique d&rsquo;utilisation des cookies t\u00e9moigne pr\u00e9cis\u00e9ment de notre <b>volont\u00e9 de faire respecter, au sein de Ilek, les r\u00e8gles applicables en mati\u00e8re de protection des donn\u00e9es personnelles<\/b> et, plus particuli\u00e8rement, celles relatives aux cookies utilis\u00e9s lorsque vous naviguez sur notre site www.producteurs.ilek.fr.<\/p>\n<p class=\"p2\">Si vous souhaitez des informations sur les autres traitements de donn\u00e9es personnelles que nous r\u00e9alisons, nous vous invitons \u00e0 consulter notre <b>Politique de confidentialit\u00e9 des donn\u00e9es personnelles<\/b>, <b>accessible \u00e0 tout moment<\/b> sur notre site www.producteurs.ilek.fr.<\/p>\n<p class=\"p1\">Qu&rsquo;est-ce qu&rsquo;un cookie et permet-il de vous identifier directement ?<\/p>\n<p class=\"p2\">Un cookie est un <b>petit fichier \u201ctexte\u201d<\/b> plac\u00e9 et h\u00e9berg\u00e9 par un serveur sur votre terminal (ex : smartphone, tablette ou ordinateur) lorsque vous consultez un site internet.<\/p>\n<p class=\"p2\">Un cookie <b>ne permet pas de vous identifier personnellement<\/b> puisqu&rsquo;il permet seulement d&rsquo;identifier votre terminal via votre adresse IP, ainsi que diff\u00e9rentes informations li\u00e9es \u00e0 votre navigation (ex : dur\u00e9e de navigation, pages consult\u00e9es, taille de votre \u00e9cran, etc.).<\/p>\n<p class=\"p1\">Qu&rsquo;est-ce qu&rsquo;un cookie technique et pourquoi en utilisons-nous ?<\/p>\n<p class=\"p2\">Le bon fonctionnement de notre site internet www.producteurs.ilek.fr implique <b>n\u00e9cessairement l&rsquo;utilisation de cookies techniques<\/b> que nous pouvons utiliser <b>sans votre consentement pr\u00e9alable<\/b>, sur le fondement de notre int\u00e9r\u00eat l\u00e9gitime \u00e0 vous fournir un site internet fonctionnel.<\/p>\n<p class=\"p2\">A titre d&rsquo;exemple, un cookie technique permet de retenir la langue de votre site internet ainsi que le format du site pour faciliter les prochaines connexions et la navigation.<\/p>\n<p class=\"p2\">Ainsi, bien que nous ne le conseillons pas, vous pouvez toujours vous opposer au d\u00e9p\u00f4t de ces cookies sur votre terminal \u00e0 l&rsquo;aide des param\u00e8tres de votre navigateur en suivant les instructions suivantes : <span class=\"s1\">Chrome<\/span>, <span class=\"s1\">Microsoft Edge<\/span>, <span class=\"s1\">Safari<\/span>, <span class=\"s1\">Firefox<\/span> et <span class=\"s1\">Opera<\/span>.<\/p>\n<p class=\"p2\">Il est en revanche possible que, dans ce cas, votre exp\u00e9rience en tant que visiteur soit d\u00e9grad\u00e9e. Pour restaurer une bonne qualit\u00e9 de navigation, il faudra dans ce cas remettre les cookies techniques.<\/p>\n<p class=\"p1\">Qu&rsquo;est-ce qu&rsquo;un cookie statistique et pourquoi en utilisons-nous ?<\/p>\n<p class=\"p2\">Un cookie statistique permet d&rsquo;analyser l&rsquo;usage que vous faites d&rsquo;un site internet (ex : temps de navigation, page visit\u00e9e, etc.) afin d&rsquo;am\u00e9liorer votre exp\u00e9rience et de vous fournir un service adapt\u00e9 \u00e0 vos besoins.<\/p>\n<p class=\"p2\">Pour notre site internet www.producteurs.ilek.fr, nous utilisons des cookies statistiques non-exon\u00e9r\u00e9s de consentement qui ne peuvent \u00eatre d\u00e9pos\u00e9s sur votre terminal qu&rsquo;avec votre consentement pr\u00e9alable formul\u00e9 par l&rsquo;interm\u00e9diaire de notre bandeau cookies.<\/p>\n<p class=\"p1\">Qu&rsquo;est-ce qu&rsquo;un cookie publicitaire et pourquoi en utilisons-nous ?<\/p>\n<p class=\"p2\">Un cookie publicitaire peut permettre soit de fournir de la publicit\u00e9 sur un site internet soit d&rsquo;identifier la source d&rsquo;arriv\u00e9e sur un site du visiteur (ex : Google, Bing, etc.).<\/p>\n<p class=\"p2\"><b>Nous vous garantissons que nous n&rsquo;utilisons aucun cookie publicitaire pour le fonctionnement de notre site internet.<\/b><\/p>\n<p class=\"p1\">Quelles donn\u00e9es personnelles traitons-nous avec nos cookies et pour combien de temps ?<\/p>\n<p class=\"p2\">Les donn\u00e9es personnelles trait\u00e9es par les cookies que nous utilisons sont :<\/p>\n\n<ul class=\"ul1\">\n \t<li class=\"li3\"><b>votre adresse IP et un ID user<\/b> que nous cr\u00e9ons lors de votre premi\u00e8re connexion afin de vous reconna\u00eetre pendant une dur\u00e9e de 13 mois maximum<\/li>\n \t<li class=\"li3\">si vous acceptez le d\u00e9p\u00f4t de cookies statistiques, <b>vos donn\u00e9es personnelles li\u00e9es \u00e0 votre navigation sur notre site internet (ex : pages visit\u00e9es, dur\u00e9es de navigation, etc.)<\/b> pendant une dur\u00e9e de 13 mois maximum non renouvelable avant toute nouvelle connexion avant le 14e mois<\/li>\n<\/ul>\n<p class=\"p2\">A l&rsquo;expiration des dur\u00e9es de conservation pr\u00e9cis\u00e9es ci-apr\u00e8s, nous ne conservons aucune donn\u00e9e vous concernant. Tout au plus, nous pouvons anonymiser vos donn\u00e9es \u00e0 des fins de <b>statistiques<\/b>.<\/p>\n<p class=\"p1\">Comment contr\u00f4lez-vous l&rsquo;utilisation des cookies ?<\/p>\n<p class=\"p2\">Le droit de refuser des cookies s\u2019effectue \u00e0 tout moment \u00e0 l\u2019aide de notre bandeau cookies.<\/p>\n<p class=\"p2\">Dans l\u2019hypoth\u00e8se o\u00f9 le bandeau cookies ne s\u2019afficherait plus, vous pouvez \u00e9galement param\u00e9trer les cookies via l&rsquo;onglet \u00ab\u00a0g\u00e9rer les cookies\u00a0\u00bb sur notre site ou directement sur votre navigateur en suivant les instructions suivantes : <span class=\"s1\"><b>Chrome<\/b><\/span>, <span class=\"s1\"><b>Microsoft Edge<\/b><\/span>, <span class=\"s1\"><b>Safari<\/b><\/span>, <span class=\"s1\"><b>Firefox<\/b><\/span> et <span class=\"s1\"><b>Opera<\/b><\/span>.<\/p>\n<p class=\"p1\">De quels droits disposez-vous pour contr\u00f4ler l\u2019usage de vos donn\u00e9es personnelles utilis\u00e9es par l&rsquo;interm\u00e9diaire des cookies ?<\/p>\n<p class=\"p2\">La r\u00e9glementation applicable en mati\u00e8re de protection des donn\u00e9es vous octroie <b>des droits sp\u00e9cifiques<\/b> que vous pouvez exercer, <b>\u00e0 tout moment<\/b> et <b>gratuitement<\/b>, afin de contr\u00f4ler l\u2019usage que nous faisons de vos donn\u00e9es.<\/p>\n\n<ul class=\"ul1\">\n \t<li class=\"li3\">Droit d\u2019<b>acc\u00e8s<\/b> et de <b>copie<\/b> de vos donn\u00e9es personnelles d\u00e8s lors que cette demande n\u2019est pas en contradiction avec le secret des affaires, la confidentialit\u00e9, ou encore le secret des correspondances.<\/li>\n \t<li class=\"li3\">Droit de <b>rectification<\/b> de donn\u00e9es personnelles qui seraient erron\u00e9es, obsol\u00e8tes ou incompl\u00e8tes.<\/li>\n \t<li class=\"li3\">Droit de vous <b>opposer<\/b> au traitement de vos donn\u00e9es personnelles lorsque celui-ci est fond\u00e9 sur notre int\u00e9r\u00eat l\u00e9gitime, sauf si des motifs l\u00e9gitimes et imp\u00e9rieux justifient ce traitement et pr\u00e9valent sur vos int\u00e9r\u00eats, droits et libert\u00e9s.<\/li>\n \t<li class=\"li3\">Droit de demander <b>l\u2019effacement<\/b> (\u201cdroit \u00e0 l\u2019oubli\u201d) de vos donn\u00e9es personnelles qui ne seraient pas essentielles au bon fonctionnement de nos services.<\/li>\n \t<li class=\"li3\">Droit \u00e0 la <b>limitation<\/b> de vos donn\u00e9es personnelles qui permet de photographier l\u2019utilisation de vos donn\u00e9es en cas de contestation sur la l\u00e9gitimit\u00e9 d\u2019un traitement.<\/li>\n \t<li class=\"li3\">Droit \u00e0 la <b>portabilit\u00e9<\/b> de vos donn\u00e9es qui vous permet de r\u00e9cup\u00e9rer une partie de vos donn\u00e9es personnelles afin de les stocker ou les transmettre facilement d\u2019un syst\u00e8me d\u2019information \u00e0 un autre.<\/li>\n \t<li class=\"li3\">Droit de donner des <b>directives<\/b> sur le sort de vos donn\u00e9es en cas de d\u00e9c\u00e8s soit par votre interm\u00e9diaire, soit l\u2019interm\u00e9diaire d\u2019un tiers de confiance ou d\u2019un ayant-droit.<\/li>\n<\/ul>\n<p class=\"p2\">Pour qu\u2019une demande soit <b>prise en compte<\/b>, il est imp\u00e9ratif qu\u2019elle soit effectu\u00e9e directement par <b>vous, ou votre repr\u00e9sentant<\/b> \u00e0 l\u2019adresse dpo@ilek.fr.<\/p>\n<p class=\"p2\">Les demandes ne peuvent pas \u00e9maner d\u2019une autre personne que vous ou votre repr\u00e9sentant. Nous pouvons donc vous demander la communication d\u2019une <b>preuve d\u2019identit\u00e9<\/b> en cas de doute sur l\u2019identit\u00e9 du demandeur, ainsi qu&rsquo;une justification de la repr\u00e9sentation.<\/p>\n<p class=\"p2\">Nous r\u00e9pondrons \u00e0 votre demande dans les <b>meilleurs d\u00e9lais<\/b> avec pour limite un <b>d\u00e9lai maximum<\/b> d&rsquo;un mois \u00e0 compter de sa r\u00e9ception, sauf si la demande est techniquement complexe ou si nous recevons de nombreuses demandes au m\u00eame moment. Dans ce cas, le d\u00e9lai de r\u00e9ponse peut \u00eatre de trois mois maximum.<\/p>\n<p class=\"p2\">Veuillez noter que nous pouvons toujours <b>refuser<\/b> de r\u00e9pondre \u00e0 toute demande <b>excessive ou infond\u00e9e<\/b> notamment au regard de son caract\u00e8re <b>r\u00e9p\u00e9titif<\/b>.<\/p>\n<p class=\"p1\">Vos donn\u00e9es personnelles utilis\u00e9es via nos cookies peuvent-elles \u00eatre transf\u00e9r\u00e9es en dehors de l&rsquo;Union europ\u00e9enne ?<\/p>\n<p class=\"p2\"><b>Les cookies statistiques que nous utilisons peuvent envoyer votre adresse IP et votre ID user en dehors de l&rsquo;Union europ\u00e9enne pour fonctionner.<\/b> Dans ce cas, nous garantissons que ces outils respectent strictement les r\u00e8gles applicables en mati\u00e8re de transferts afin de garantir une confidentialit\u00e9 et une protection ad\u00e9quate de vos donn\u00e9es personnelles.<\/p>\n<p class=\"p1\">Qui pouvez-vous contacter pour obtenir plus d\u2019informations sur l&rsquo;utilisation de vos donn\u00e9es personnelles ?<\/p>\n<p class=\"p2\">Pour garantir au mieux la protection et l&rsquo;int\u00e9grit\u00e9 de vos donn\u00e9es, nous avons officiellement nomm\u00e9 un <b>D\u00e9l\u00e9gu\u00e9 \u00e0 la protection des donn\u00e9es<\/b> (\u201c<b>DPO<\/b>\u201d) <b>ind\u00e9pendant<\/b> aupr\u00e8s de notre autorit\u00e9 de contr\u00f4le.<\/p>\n<p class=\"p2\">Vous pouvez \u00e0 tout moment et gratuitement contacter notre DPO \u00e0 l&rsquo;adresse dpo@ilek.fr afin d&rsquo;obtenir plus d&rsquo;informations ou de d\u00e9tails sur la mani\u00e8re dont nous traitons vos donn\u00e9es.<\/p>\n<p class=\"p1\">Comment pouvez-vous contacter la CNIL ?<\/p>\n<p class=\"p2\">Vous pouvez \u00e0 tout moment contacter la <b>\u201cCommission nationale de l&rsquo;informatique et des libert\u00e9s\u201d<\/b> ou <b>\u201cCNIL\u201d<\/b> aux coordonn\u00e9es suivantes : Service des plaintes de la CNIL, 3 place de Fontenoy \u2013 TSA 80751, 75334 Paris Cedex 07 ou par t\u00e9l\u00e9phone au 01.53.73.22.22.<\/p>\n<p class=\"p1\">La Politique d&rsquo;utilisation des cookies peut-elle \u00eatre modifi\u00e9e ?<\/p>\n<p class=\"p2\">Nous sommes susceptibles de modifier notre Politique d&rsquo;utilisation des cookies \u00e0 <b>tout moment<\/b> pour l\u2019adapter aux nouvelles <b>exigences l\u00e9gales<\/b> ainsi qu\u2019aux <b>nouveaux traitements<\/b> que nous pourrions mettre en \u0153uvre dans le futur.<\/p>\n<p>Pour mettre \u00e0 jour vos pr\u00e9f\u00e9rences de consentement, <a href=\"javascript:Didomi.preferences.show()\">Cliquez ici<\/a><\/p>\n<p class=\"p4\">Certifi\u00e9 conforme par Dipeeo \u00ae<\/p>\t\t\t\t\t\t<\/div>\n\t\t\t\t<\/div>\n\t\t\t\t\t<\/div>\n\t\t\t\t<\/div>\n\t\t<div class=\"elementor-element elementor-element-d7ba041 e-flex e-con-boxed e-con e-parent\" data-id=\"d7ba041\" data-element_type=\"container\" data-settings=\"{&quot;background_background&quot;:&quot;classic&quot;}\">\n\t\t\t\t\t<div class=\"e-con-inner\">\n\t\t\t\t<div class=\"elementor-element elementor-element-de0ec30 elementor-widget elementor-widget-image\" data-id=\"de0ec30\" data-element_type=\"widget\" data-widget_type=\"image.default\">\n\t\t\t\t<div class=\"elementor-widget-container\">\n\t\t\t\t\t\t\t\t\t\t\t\t\t<img decoding=\"async\" width=\"197\" height=\"96\" src=\"https:\/\/producteurs.ilek.fr\/wp-content\/uploads\/2024\/09\/Logo_ilek.svg\" class=\"attachment-large size-large wp-image-17\" alt=\"\" \/>\t\t\t\t\t\t\t\t\t\t\t\t\t<\/div>\n\t\t\t\t<\/div>\n\t\t\t\t<div class=\"elementor-element elementor-element-3c71246 elementor-widget elementor-widget-text-editor\" data-id=\"3c71246\" data-element_type=\"widget\" data-widget_type=\"text-editor.default\">\n\t\t\t\t<div class=\"elementor-widget-container\">\n\t\t\t\t\t\t\t\u00a9 ilek 2025 &#8211; Tous droits r\u00e9serv\u00e9s \u2022 <a href=\"https:\/\/www.ilek.fr\/cgu\"><span style=\"color: #ceff00;\">Mentions l\u00e9gales<\/span><\/a> \u2022 <span style=\"color: #ceff00;\"><a style=\"color: #ceff00;\" href=\"https:\/\/producteurs.ilek.fr\/?page_id=405\">Politique de confidentialit\u00e9<\/a> \u2022 <span style=\"color: #ceff00;\"><a style=\"color: #ceff00;\" href=\"https:\/\/producteurs.ilek.fr\/?page_id=421\">Politique d&rsquo;utilisation des cookies<\/a><\/span><\/span>\t\t\t\t\t\t<\/div>\n\t\t\t\t<\/div>\n\t\t\t\t\t<\/div>\n\t\t\t\t<\/div>\n\t\t\t\t<\/div>\n\t\t","protected":false},"excerpt":{"rendered":"<p>Nous contacter Politique d&rsquo;utilisation des cookies Quelle est l&rsquo;utilit\u00e9 de notre Politique d&rsquo;utilisation des cookies ? Ilek, qui g\u00e8re le site www.producteurs.ilek.fr, accorde une grande importance \u00e0 la confidentialit\u00e9 de vos donn\u00e9es personnelles qui repr\u00e9sente pour nous un gage de s\u00e9rieux et de confiance, y compris en mati\u00e8re de cookies. A ce titre, notre Politique&#8230;<\/p>\n","protected":false},"author":2,"featured_media":0,"parent":0,"menu_order":0,"comment_status":"closed","ping_status":"closed","template":"","meta":{"_kad_post_transparent":"","_kad_post_title":"hide","_kad_post_layout":"fullwidth","_kad_post_sidebar_id":"","_kad_post_content_style":"unboxed","_kad_post_vertical_padding":"hide","_kad_post_feature":"hide","_kad_post_feature_position":"","_kad_post_header":true,"_kad_post_footer":true,"footnotes":""},"class_list":["post-421","page","type-page","status-publish","hentry"],"_links":{"self":[{"href":"https:\/\/producteurs.ilek.fr\/index.php?rest_route=\/wp\/v2\/pages\/421","targetHints":{"allow":["GET"]}}],"collection":[{"href":"https:\/\/producteurs.ilek.fr\/index.php?rest_route=\/wp\/v2\/pages"}],"about":[{"href":"https:\/\/producteurs.ilek.fr\/index.php?rest_route=\/wp\/v2\/types\/page"}],"author":[{"embeddable":true,"href":"https:\/\/producteurs.ilek.fr\/index.php?rest_route=\/wp\/v2\/users\/2"}],"replies":[{"embeddable":true,"href":"https:\/\/producteurs.ilek.fr\/index.php?rest_route=%2Fwp%2Fv2%2Fcomments&post=421"}],"version-history":[{"count":22,"href":"https:\/\/producteurs.ilek.fr\/index.php?rest_route=\/wp\/v2\/pages\/421\/revisions"}],"predecessor-version":[{"id":453,"href":"https:\/\/producteurs.ilek.fr\/index.php?rest_route=\/wp\/v2\/pages\/421\/revisions\/453"}],"wp:attachment":[{"href":"https:\/\/producteurs.ilek.fr\/index.php?rest_route=%2Fwp%2Fv2%2Fmedia&parent=421"}],"curies":[{"name":"wp","href":"https:\/\/api.w.org\/{rel}","templated":true}]}}